{"id":11,"date":"2017-08-01T12:07:51","date_gmt":"2017-08-01T12:07:51","guid":{"rendered":"https:\/\/serralhariadaanta.pt\/index.php\/about-us\/"},"modified":"2023-08-17T18:17:18","modified_gmt":"2023-08-17T18:17:18","slug":"sobre-nos","status":"publish","type":"page","link":"https:\/\/serralhariadaanta.pt\/index.php\/sobre-nos\/","title":{"rendered":"Sobre Nos"},"content":{"rendered":"\n\n\t\t\t\t<img decoding=\"async\" src=\"https:\/\/serralhariadaanta.pt\/wp-content\/uploads\/2023\/08\/275939020_3123528137935179_7848624896512855045_n.jpg\" alt=\"asd\" itemprop=\"image\" title=\"275939020_3123528137935179_7848624896512855045_n\" onerror=\"this.style.display='none'\"  \/>\n\t<h3>\n\t\t\t\t\tTradi\u00e7\u00e3o, Qualidade e Dedica\u00e7\u00e3o em Cada Detalhe\n\t\t\t\t<\/h3>\n\t\t\t<h6>Com mais de 25 anos de experi\u00eancia no ramo da serralharia, a Serralharia da Anta \u00e9 uma empresa familiar enraizada nas tradi\u00e7\u00f5es da regi\u00e3o norte de Portugal. Especialistas em solu\u00e7\u00f5es em alum\u00ednio, a nossa abrang\u00eancia estende-se desde Viana do Castelo, Ponte de Lima, Caminha, passando pelo Porto, Felgueiras, Douro, at\u00e9 Braga. Tamb\u00e9m fazemos exporta\u00e7\u00e3o da nossa excel\u00eancia para Fran\u00e7a.<\/h6>\n<h6>A nossa miss\u00e3o \u00e9 clara: entregar o melhor material com a mais alta qualidade no menor tempo poss\u00edvel, atendendo a todas as necessidades e exig\u00eancias dos nossos clientes.<\/h6>\n<h6>Na Serralharia da Anta, cada cliente \u00e9 tratado com a m\u00e1xima aten\u00e7\u00e3o, detalhe e personaliza\u00e7\u00e3o.<\/h6>\n<h6>Entendemos o peso e a import\u00e2ncia de cada projeto na vida dos nossos clientes, e \u00e9 por isso que a satisfa\u00e7\u00e3o do cliente \u00e9 a nossa maior preocupa\u00e7\u00e3o.<\/h6>\n<h6><strong>Prezamos por cumprir a nossa palavra e garantir a mais perfeita entrega em todos os trabalhos que realizamos.<\/strong><\/h6>\n\t<h3>\n\t\t\t\t\tUma Hist\u00f3ria de Compromisso e Excel\u00eancia\n\t\t\t\t<\/h3>\n\t\t\t<h6>Oferecemos uma vasta gama de servi\u00e7os, desde caixilharia de alum\u00ednio, estores, grades, port\u00f5es seccionados, marquises, persianas, portas de entrada, at\u00e9 port\u00f5es em alum\u00ednio soldado. Cada pe\u00e7a \u00e9 criada com precis\u00e3o, dedica\u00e7\u00e3o e um toque pessoal, refletindo a nossa paix\u00e3o e compromisso com a excel\u00eancia. A nossa equipa, composta por <strong>7 profissionais dedicados<\/strong>, trabalha em conjunto para garantir que cada projeto seja executado com a m\u00e1xima perfei\u00e7\u00e3o. Convidamos voc\u00ea a explorar o nosso portfolio, conhecer a nossa talentosa equipa e descobrir a diferen\u00e7a que a Serralharia da Anta pode fazer no seu pr\u00f3ximo projeto.<\/h6>\n\t<meta itemprop=\"url\" content=\"https:\/\/serralhariadaanta.pt\/wp-content\/uploads\/2023\/08\/365792233_1511498782989828_4897453407654049976_n-1.mp4\" \/><div style=\"width: 640px;\" class=\"wp-video\"><!--[if lt IE 9]><script>document.createElement('video');<\/script><![endif]-->\n<video class=\"wp-video-shortcode\" id=\"video-11-1\" width=\"640\" height=\"360\" preload=\"metadata\" controls=\"controls\"><source type=\"video\/mp4\" src=\"https:\/\/serralhariadaanta.pt\/wp-content\/uploads\/2023\/08\/365792233_1511498782989828_4897453407654049976_n-1.mp4?_=1\" \/><source type=\"video\/mp4\" src=\"https:\/\/serralhariadaanta.pt\/wp-content\/uploads\/2023\/08\/365792233_1511498782989828_4897453407654049976_n-1.mp4?_=1\" \/><a href=\"https:\/\/serralhariadaanta.pt\/wp-content\/uploads\/2023\/08\/365792233_1511498782989828_4897453407654049976_n-1.mp4\">https:\/\/serralhariadaanta.pt\/wp-content\/uploads\/2023\/08\/365792233_1511498782989828_4897453407654049976_n-1.mp4<\/a><\/video><\/div>\n\t\t\t<a href=\"https:\/\/serralhariadaanta.pt\/index.php\/contacto\/\" target=\"_self\" rel=\"noopener\">\n\t\t\t\t\t\t\tSABER MAIS\n\t\t\t<\/a>\n\n","protected":false},"excerpt":{"rendered":"<p>Tradi\u00e7\u00e3o, Qualidade e Dedica\u00e7\u00e3o em Cada Detalhe Com mais de 25 anos de experi\u00eancia no ramo da serralharia, a Serralharia da Anta \u00e9 uma empresa familiar enraizada nas tradi\u00e7\u00f5es da regi\u00e3o norte de Portugal. Especialistas em solu\u00e7\u00f5es em alum\u00ednio, a nossa abrang\u00eancia estende-se desde Viana do Castelo, Ponte de Lima, Caminha, passando pelo Porto, Felgueiras, [&hellip;]<\/p>\n","protected":false},"author":1,"featured_media":0,"parent":0,"menu_order":0,"comment_status":"closed","ping_status":"closed","template":"","meta":{"om_disable_all_campaigns":false,"site-sidebar-layout":"no-sidebar","site-content-layout":"page-builder","ast-site-content-layout":"default","site-content-style":"default","site-sidebar-style":"default","ast-global-header-display":"","ast-banner-title-visibility":"","ast-main-header-display":"","ast-hfb-above-header-display":"","ast-hfb-below-header-display":"","ast-hfb-mobile-header-display":"","site-post-title":"disabled","ast-breadcrumbs-content":"","ast-featured-img":"disabled","footer-sml-layout":"","theme-transparent-header-meta":"","adv-header-id-meta":"","stick-header-meta":"","header-above-stick-meta":"","header-main-stick-meta":"","header-below-stick-meta":"","astra-migrate-meta-layouts":"default","ast-page-background-enabled":"default","ast-page-background-meta":{"desktop":{"background-color":"","background-image":"","background-repeat":"repeat","background-position":"center center","background-size":"auto","background-attachment":"scroll","background-type":"","background-media":"","overlay-type":"","overlay-color":"","overlay-opacity":"","overlay-gradient":""},"tablet":{"background-color":"","background-image":"","background-repeat":"repeat","background-position":"center center","background-size":"auto","background-attachment":"scroll","background-type":"","background-media":"","overlay-type":"","overlay-color":"","overlay-opacity":"","overlay-gradient":""},"mobile":{"background-color":"","background-image":"","background-repeat":"repeat","background-position":"center center","background-size":"auto","background-attachment":"scroll","background-type":"","background-media":"","overlay-type":"","overlay-color":"","overlay-opacity":"","overlay-gradient":""}},"ast-content-background-meta":{"desktop":{"background-color":"var(--ast-global-color-5)","background-image":"","background-repeat":"repeat","background-position":"center center","background-size":"auto","background-attachment":"scroll","background-type":"","background-media":"","overlay-type":"","overlay-color":"","overlay-opacity":"","overlay-gradient":""},"tablet":{"background-color":"var(--ast-global-color-5)","background-image":"","background-repeat":"repeat","background-position":"center center","background-size":"auto","background-attachment":"scroll","background-type":"","background-media":"","overlay-type":"","overlay-color":"","overlay-opacity":"","overlay-gradient":""},"mobile":{"background-color":"var(--ast-global-color-5)","background-image":"","background-repeat":"repeat","background-position":"center center","background-size":"auto","background-attachment":"scroll","background-type":"","background-media":"","overlay-type":"","overlay-color":"","overlay-opacity":"","overlay-gradient":""}},"footnotes":""},"class_list":["post-11","page","type-page","status-publish","hentry"],"aioseo_notices":[],"_links":{"self":[{"href":"https:\/\/serralhariadaanta.pt\/index.php\/wp-json\/wp\/v2\/pages\/11","targetHints":{"allow":["GET"]}}],"collection":[{"href":"https:\/\/serralhariadaanta.pt\/index.php\/wp-json\/wp\/v2\/pages"}],"about":[{"href":"https:\/\/serralhariadaanta.pt\/index.php\/wp-json\/wp\/v2\/types\/page"}],"author":[{"embeddable":true,"href":"https:\/\/serralhariadaanta.pt\/index.php\/wp-json\/wp\/v2\/users\/1"}],"replies":[{"embeddable":true,"href":"https:\/\/serralhariadaanta.pt\/index.php\/wp-json\/wp\/v2\/comments?post=11"}],"version-history":[{"count":14,"href":"https:\/\/serralhariadaanta.pt\/index.php\/wp-json\/wp\/v2\/pages\/11\/revisions"}],"predecessor-version":[{"id":2405,"href":"https:\/\/serralhariadaanta.pt\/index.php\/wp-json\/wp\/v2\/pages\/11\/revisions\/2405"}],"wp:attachment":[{"href":"https:\/\/serralhariadaanta.pt\/index.php\/wp-json\/wp\/v2\/media?parent=11"}],"curies":[{"name":"wp","href":"https:\/\/api.w.org\/{rel}","templated":true}]}}