{"id":1137,"date":"2017-08-01T10:27:45","date_gmt":"2017-08-01T10:27:45","guid":{"rendered":"https:\/\/serralhariadaanta.pt\/index.php\/home\/"},"modified":"2023-08-22T12:43:41","modified_gmt":"2023-08-22T12:43:41","slug":"inicio","status":"publish","type":"page","link":"https:\/\/serralhariadaanta.pt\/","title":{"rendered":"In\u00edcio"},"content":{"rendered":"\n\n\t<h2>\n\t\t\t\t\tUma Hist\u00f3ria de Compromisso e Excel\u00eancia\n\t\t\t\t<\/h2>\n\t\t\t<h5>Convidamo-lo a explorar o nosso portfolio, conhecer a nossa equipa e descobrir a diferen\u00e7a que a Serralharia da Anta pode fazer no seu pr\u00f3ximo projeto.<\/h5>\n\t\t\t<a href=\"https:\/\/serralhariadaanta.pt\/index.php\/contacto\/\" target=\"_self\" rel=\"noopener\">\n\t\t\t\t\t\t\tPE\u00c7A O SEU OR\u00c7AMENTO\n\t\t\t\t\t<\/a>\n\t<h5>\n\t\t\t\t\tProdu\u00e7\u00f5es Serralharia da Anta\n\t\t\t\t<\/h5>\n\t\t\t<p>Apresentamos alguns dos nossos trabalhos realizados. Adaptamo-nos \u00e0s suas necessidades.<\/p>\n\t\t\t\t<img decoding=\"async\" src=\"https:\/\/scontent.fopo6-1.fna.fbcdn.net\/v\/t1.18169-9\/14355150_1774694476151892_5971495411638820458_n.jpg?_nc_cat=104&#038;ccb=1-7&#038;_nc_sid=cdbe9c&#038;_nc_ohc=5iQje6xGEEQAX-rOhCa&#038;_nc_ht=scontent.fopo6-1.fna&#038;oh=00_AfDlKmAGrl03Ejw3xNLSR4DXeAsiu2B4BrjFJrVljoLPIw&#038;oe=64F4F348\" alt=\"14355150_1774694476151892_5971495411638820458_n.jpg?_nc_cat=104&amp;ccb=1-7&amp;_nc_sid=cdbe9c&amp;_nc_ohc=5iQje6xGEEQAX-rOhCa&amp;_nc_ht=scontent.fopo6-1.fna&amp;oh=00_AfDlKmAGrl03Ejw3xNLSR4DXeAsiu2B4BrjFJrVljoLPIw&amp;oe=64F4F348\" itemprop=\"image\" title=\"14355150_1774694476151892_5971495411638820458_n.jpg?_nc_cat=104&amp;ccb=1-7&amp;_nc_sid=cdbe9c&amp;_nc_ohc=5iQje6xGEEQAX-rOhCa&amp;_nc_ht=scontent.fopo6-1.fna&amp;oh=00_AfDlKmAGrl03Ejw3xNLSR4DXeAsiu2B4BrjFJrVljoLPIw&amp;oe=64F4F348\" onerror=\"this.style.display='none'\"  \/>\n\t<ul>\n\t\t<li><h4>Caixilharia de Alum\u00ednio<\/h4><p>A nossa caixilharia de alum\u00ednio \u00e9 desenhada para ir al\u00e9m da funcionalidade. As nossas janelas permitem que a luz natural flua, criando ambientes luminosos e convidativos.\u00a0<\/p><\/li>\t<\/ul>\n\t\t\t\t<img fetchpriority=\"high\" decoding=\"async\" src=\"https:\/\/serralhariadaanta.pt\/wp-content\/uploads\/2023\/08\/WhatsApp-Image-2023-08-18-at-20.28.51-2.jpeg\" alt=\"WhatsApp Image 2023-08-18 at 20.28.51\" itemprop=\"image\" height=\"1600\" width=\"1200\" title=\"WhatsApp Image 2023-08-18 at 20.28.51\" onerror=\"this.style.display='none'\"  \/>\n\t<ul>\n\t\t<li><h4>Port\u00f5es <\/h4><p>Na Serralharia da Anta, os nossos port\u00f5es s\u00e3o s\u00edmbolos de seguran\u00e7a, eleg\u00e2ncia e durabilidade, desenhados para real\u00e7ar a entrada do seu lar.<\/p><\/li>\t<\/ul>\n\t\t\t\t<img decoding=\"async\" src=\"https:\/\/serralhariadaanta.pt\/wp-content\/uploads\/2023\/08\/347387310_134287006314575_8120384927352329550_n.jpg\" alt=\"347387310_134287006314575_8120384927352329550_n\" itemprop=\"image\" height=\"1440\" width=\"1080\" title=\"347387310_134287006314575_8120384927352329550_n\" onerror=\"this.style.display='none'\"  \/>\n\t<ul>\n\t\t<li><h4>Portas de Entrada<\/h4><p>As portas que criamos \u00e9 mais do que uma simples entrada &#8211; \u00e9 um convite \u00e0 comodidade e ao estilo, desenhado para acolher com uma sensa\u00e7\u00e3o de boas-vindas.<\/p><\/li>\t<\/ul>\n\t\t\t\t<img decoding=\"async\" src=\"https:\/\/serralhariadaanta.pt\/wp-content\/uploads\/2023\/08\/313111287_559167386210095_7524201552085787356_n-1.jpg\" alt=\"313111287_559167386210095_7524201552085787356_n\" itemprop=\"image\" height=\"763\" width=\"1023\" title=\"313111287_559167386210095_7524201552085787356_n\" onerror=\"this.style.display='none'\"  \/>\n\t<ul>\n\t\t<li><h4>Grades<\/h4><p>Constru\u00edmos a grade que ir\u00e1 real\u00e7ar e trazer a utilidade desejada ao seu espa\u00e7o, utilizando a\u00e7o inoxid\u00e1vel, vidro ou alum\u00ednio.\u00a0<\/p><\/li>\t<\/ul>\n\t\t\t<a href=\"https:\/\/serralhariadaanta.pt\/index.php\/portefolio\/\" target=\"_self\" rel=\"noopener\">\n\t\t\t\t\t\t\tSABER MAIS\n\t\t\t<\/a>\n\t<h4>\n\t\t\t\t\tServi\u00e7os para habita\u00e7\u00e3o\n\t\t\t\t<\/h4>\n\t\t\t<p>Os nossos Servi\u00e7os para Habita\u00e7\u00e3o s\u00e3o desenhados para melhorar e revitalizar o aspeto da sua casa.<\/p>\n<p>Na Serralharia da Anta, a sua vis\u00e3o torna-se realidade, e o resultado \u00e9 uma casa que reflecte beleza e encanto, em cada recanto.<\/p>\n\t\t\t<a href=\"https:\/\/serralhariadaanta.pt\/index.php\/portefolio\/\" target=\"_self\" role=\"button\" rel=\"noopener\">\n\t\t\t\t\t\tSaiba mais\n\t\t<\/a>\n\t<h3>\n\t\t\t\t\tMateriais usados na Seralharia da Anta\n\t\t\t\t<\/h3>\n\t\t\t<p>Pode depositar a sua confian\u00e7a na excel\u00eancia dos nossos produtos. Na Serralharia da Anta, empregamos apenas projetos que garantem robustez e seguran\u00e7a duradouras.<\/p>\n\t<ul>\n\t\t<li>\t\t\n\t\t\t\t<img decoding=\"async\" src=\"https:\/\/serralhariadaanta.pt\/wp-content\/uploads\/2023\/08\/vida-util-do-aluminio.jpg\" alt=\"vida-util-do-aluminio\" itemprop=\"image\"\/>\n\t\t<h3>Alum\u00ednio<\/h3><p>Comumente usado em caixilharia de portas e janelas, estores, port\u00f5es, marquises e fachadas de edif\u00edcios.<\/p><\/li>\t<\/ul>\n\t<ul>\n\t\t<li>\t\t\n\t\t\t\t<img decoding=\"async\" src=\"https:\/\/serralhariadaanta.pt\/wp-content\/uploads\/2023\/08\/vidro-cristal-soda-lime-vidrak-1024x1024-1.png\" alt=\"vidro-cristal-soda-lime-vidrak-1024x1024\" itemprop=\"image\"\/>\n\t\t<h3>Vidro<\/h3><p>O vidro \u00e9 comumente usado em janelas, portas de vidro, divis\u00f3rias, marquises, guarda-corpos e balaustradas.\u00a0<\/p><\/li>\t<\/ul>\n\t<ul>\n\t\t<li>\t\t\n\t\t\t\t<img decoding=\"async\" src=\"https:\/\/serralhariadaanta.pt\/wp-content\/uploads\/2023\/08\/acoinox.jpg\" alt=\"a\u00e7oinox\" itemprop=\"image\"\/>\n\t\t<h3>A\u00e7o inoxid\u00e1vel <\/h3><p>Este material \u00e9 frequentemente usado em corrim\u00e3os, grades, port\u00f5es, escadas e balaustradas devido \u00e0 sua resist\u00eancia \u00e0 corros\u00e3o e ao seu apelo est\u00e9tico.<\/p><\/li>\t<\/ul>\n\t<ul>\n\t\t<li>\t\t\n\t\t\t\t<img decoding=\"async\" src=\"https:\/\/serralhariadaanta.pt\/wp-content\/uploads\/2023\/08\/ferro.jpg\" alt=\"ferro\" itemprop=\"image\"\/>\n\t\t<h3>Ferro<\/h3><p>O ferro \u00e9 um material robusto e dur\u00e1vel que \u00e9 frequentemente usado em port\u00f5es, grades, corrim\u00e3os e estruturas de suporte.\u00a0<\/p><\/li>\t<\/ul>\n\t\t\t\t<img loading=\"lazy\" decoding=\"async\" src=\"https:\/\/serralhariadaanta.pt\/wp-content\/uploads\/2023\/08\/materialimagem.jpg\" alt=\"materialimagem\" itemprop=\"image\" height=\"1536\" width=\"1687\" title=\"materialimagem\" onerror=\"this.style.display='none'\"  \/>\n\t\t\t<a href=\"https:\/\/serralhariadaanta.pt\/index.php\/portefolio\/\" target=\"_self\" rel=\"noopener\">\n\t\t\t\t\t\t\tSABER MAIS\n\t\t\t<\/a>\n\t\t\t\t<img decoding=\"async\" src=\"https:\/\/serralhariadaanta.pt\/wp-content\/uploads\/2023\/08\/familia-1024x729.png\" alt=\"familia\" itemprop=\"image\"\/>\n\t<h5>\n\t\t\t\t\t\u00a0 \u00a0 \u00a0 \u00a0 \u00a0Tradi\u00e7\u00e3o, Qualidade e Dedica\u00e7\u00e3o em Cada Detalhe\n\t\t\t\t<\/h5>\n\t\t\t<p>Com mais de 25 anos de experi\u00eancia no ramo da Serralharia, a <strong>Serralharia da Anta<\/strong> \u00e9 uma empresa familiar enraizada nas tradi\u00e7\u00f5es da regi\u00e3o Norte-Litoral de Portugal. A nossa miss\u00e3o \u00e9 clara: entregar o melhor material com a mais alta qualidade no menor tempo poss\u00edvel, atendendo a todas as necessidades e exig\u00eancias dos nossos clientes.<\/p>\n\t\t\t<a href=\"https:\/\/serralhariadaanta.pt\/index.php\/sobre-nos\/\" target=\"_self\" role=\"button\" rel=\"noopener\">\n\t\t\t\t\t\tSobre N\u00f3s\n\t\t<\/a>\n\n","protected":false},"excerpt":{"rendered":"<p>Uma Hist\u00f3ria de Compromisso e Excel\u00eancia Convidamo-lo a explorar o nosso portfolio, conhecer a nossa equipa e descobrir a diferen\u00e7a que a Serralharia da Anta pode fazer no seu pr\u00f3ximo projeto. PE\u00c7A O SEU OR\u00c7AMENTO Produ\u00e7\u00f5es Serralharia da Anta Apresentamos alguns dos nossos trabalhos realizados. Adaptamo-nos \u00e0s suas necessidades. Caixilharia de Alum\u00ednio A nossa caixilharia [&hellip;]<\/p>\n","protected":false},"author":1,"featured_media":0,"parent":0,"menu_order":0,"comment_status":"closed","ping_status":"closed","template":"","meta":{"om_disable_all_campaigns":false,"site-sidebar-layout":"no-sidebar","site-content-layout":"page-builder","ast-site-content-layout":"full-width-container","site-content-style":"unboxed","site-sidebar-style":"unboxed","ast-global-header-display":"","ast-banner-title-visibility":"","ast-main-header-display":"","ast-hfb-above-header-display":"","ast-hfb-below-header-display":"","ast-hfb-mobile-header-display":"","site-post-title":"disabled","ast-breadcrumbs-content":"","ast-featured-img":"disabled","footer-sml-layout":"","theme-transparent-header-meta":"","adv-header-id-meta":"","stick-header-meta":"","header-above-stick-meta":"","header-main-stick-meta":"","header-below-stick-meta":"","astra-migrate-meta-layouts":"set","ast-page-background-enabled":"default","ast-page-background-meta":{"desktop":{"background-color":"","background-image":"","background-repeat":"repeat","background-position":"center center","background-size":"auto","background-attachment":"scroll","background-type":"","background-media":"","overlay-type":"","overlay-color":"","overlay-opacity":"","overlay-gradient":""},"tablet":{"background-color":"","background-image":"","background-repeat":"repeat","background-position":"center center","background-size":"auto","background-attachment":"scroll","background-type":"","background-media":"","overlay-type":"","overlay-color":"","overlay-opacity":"","overlay-gradient":""},"mobile":{"background-color":"","background-image":"","background-repeat":"repeat","background-position":"center center","background-size":"auto","background-attachment":"scroll","background-type":"","background-media":"","overlay-type":"","overlay-color":"","overlay-opacity":"","overlay-gradient":""}},"ast-content-background-meta":{"desktop":{"background-color":"var(--ast-global-color-5)","background-image":"","background-repeat":"repeat","background-position":"center center","background-size":"auto","background-attachment":"scroll","background-type":"","background-media":"","overlay-type":"","overlay-color":"","overlay-opacity":"","overlay-gradient":""},"tablet":{"background-color":"var(--ast-global-color-5)","background-image":"","background-repeat":"repeat","background-position":"center center","background-size":"auto","background-attachment":"scroll","background-type":"","background-media":"","overlay-type":"","overlay-color":"","overlay-opacity":"","overlay-gradient":""},"mobile":{"background-color":"var(--ast-global-color-5)","background-image":"","background-repeat":"repeat","background-position":"center center","background-size":"auto","background-attachment":"scroll","background-type":"","background-media":"","overlay-type":"","overlay-color":"","overlay-opacity":"","overlay-gradient":""}},"footnotes":""},"class_list":["post-1137","page","type-page","status-publish","hentry"],"aioseo_notices":[],"_links":{"self":[{"href":"https:\/\/serralhariadaanta.pt\/index.php\/wp-json\/wp\/v2\/pages\/1137","targetHints":{"allow":["GET"]}}],"collection":[{"href":"https:\/\/serralhariadaanta.pt\/index.php\/wp-json\/wp\/v2\/pages"}],"about":[{"href":"https:\/\/serralhariadaanta.pt\/index.php\/wp-json\/wp\/v2\/types\/page"}],"author":[{"embeddable":true,"href":"https:\/\/serralhariadaanta.pt\/index.php\/wp-json\/wp\/v2\/users\/1"}],"replies":[{"embeddable":true,"href":"https:\/\/serralhariadaanta.pt\/index.php\/wp-json\/wp\/v2\/comments?post=1137"}],"version-history":[{"count":57,"href":"https:\/\/serralhariadaanta.pt\/index.php\/wp-json\/wp\/v2\/pages\/1137\/revisions"}],"predecessor-version":[{"id":2564,"href":"https:\/\/serralhariadaanta.pt\/index.php\/wp-json\/wp\/v2\/pages\/1137\/revisions\/2564"}],"wp:attachment":[{"href":"https:\/\/serralhariadaanta.pt\/index.php\/wp-json\/wp\/v2\/media?parent=1137"}],"curies":[{"name":"wp","href":"https:\/\/api.w.org\/{rel}","templated":true}]}}