{"id":1138,"date":"2017-08-01T12:08:18","date_gmt":"2017-08-01T12:08:18","guid":{"rendered":"https:\/\/serralhariadaanta.pt\/index.php\/services\/"},"modified":"2023-08-17T18:40:10","modified_gmt":"2023-08-17T18:40:10","slug":"portefolio","status":"publish","type":"page","link":"https:\/\/serralhariadaanta.pt\/index.php\/portefolio\/","title":{"rendered":"Portefolio"},"content":{"rendered":"\n\n\t<h1>\n\t\t\t\t\tPortef\u00f3lio\n\t\t\t\t<\/h1>\n\t\t\t<p>Nesta p\u00e1gina, pode explorar a diversidade e excel\u00eancia dos projetos realizados pela Serralharia da Anta. Se algum dos nossos trabalhos captar a sua aten\u00e7\u00e3o e desejar incorpor\u00e1-lo no seu espa\u00e7o, estamos \u00e0 disposi\u00e7\u00e3o para esclarecer qualquer d\u00favida e adapt\u00e1-lo \u00e0s suas necessidades.<\/p>\n\t\t\t\t<img fetchpriority=\"high\" decoding=\"async\" src=\"https:\/\/serralhariadaanta.pt\/wp-content\/uploads\/2023\/08\/362962409_778724194254412_8432537897558011497_n.jpg\" alt=\"Port\u00f5es Exteriores\" itemprop=\"image\" height=\"1536\" width=\"2048\" title=\"Port\u00f5es Exteriores\" onerror=\"this.style.display='none'\"  \/>\n\t\tPort\u00f5es Exteriores\n\t\t\t\t<img decoding=\"async\" src=\"https:\/\/serralhariadaanta.pt\/wp-content\/uploads\/2023\/08\/343317484_1207364966606490_4023703918971847464_n-transformed-1.jpeg\" alt=\"Portas Pivotantes\" itemprop=\"image\" height=\"1280\" width=\"928\" title=\"Portas Pivotantes\" onerror=\"this.style.display='none'\"  \/>\n\t\tPortas Pivotantes\n\t\t\t\t<img decoding=\"async\" src=\"https:\/\/serralhariadaanta.pt\/wp-content\/uploads\/2023\/08\/313134355_559169346209899_252483427337664950_n.jpg\" alt=\"Ripado e Tetos\" itemprop=\"image\" height=\"350\" width=\"624\" title=\"Ripado e Tetos\" onerror=\"this.style.display='none'\"  \/>\n\t\tRipado e Tetos\n\t\t\t\t<img loading=\"lazy\" decoding=\"async\" src=\"https:\/\/serralhariadaanta.pt\/wp-content\/uploads\/2023\/08\/20604256_1943273219294016_652067163104326970_n.jpg\" alt=\"Projetos\" itemprop=\"image\" height=\"539\" width=\"960\" title=\"Projetos\" onerror=\"this.style.display='none'\"  \/>\n\t\tProjetos\n\t\t\t\t<img loading=\"lazy\" decoding=\"async\" src=\"https:\/\/serralhariadaanta.pt\/wp-content\/uploads\/2023\/08\/1000661_1669613879993286_6406698265753659366_n.jpg\" alt=\"Portas de Entrada\" itemprop=\"image\" height=\"960\" width=\"720\" title=\"Portas de Entrada\" onerror=\"this.style.display='none'\"  \/>\n\t\tPortas de Entrada\n\t\t\t\t<img loading=\"lazy\" decoding=\"async\" src=\"https:\/\/serralhariadaanta.pt\/wp-content\/uploads\/2023\/08\/313111287_559167386210095_7524201552085787356_n.jpg\" alt=\"Grades\" itemprop=\"image\" height=\"763\" width=\"1023\" title=\"Grades\" onerror=\"this.style.display='none'\"  \/>\n\t\tGrades\n\n","protected":false},"excerpt":{"rendered":"<p>Portef\u00f3lio Nesta p\u00e1gina, pode explorar a diversidade e excel\u00eancia dos projetos realizados pela Serralharia da Anta. Se algum dos nossos trabalhos captar a sua aten\u00e7\u00e3o e desejar incorpor\u00e1-lo no seu espa\u00e7o, estamos \u00e0 disposi\u00e7\u00e3o para esclarecer qualquer d\u00favida e adapt\u00e1-lo \u00e0s suas necessidades. Port\u00f5es Exteriores Portas Pivotantes Ripado e Tetos Projetos Portas de Entrada Grades<\/p>\n","protected":false},"author":1,"featured_media":0,"parent":0,"menu_order":0,"comment_status":"closed","ping_status":"closed","template":"","meta":{"om_disable_all_campaigns":false,"site-sidebar-layout":"no-sidebar","site-content-layout":"page-builder","ast-site-content-layout":"full-width-container","site-content-style":"unboxed","site-sidebar-style":"unboxed","ast-global-header-display":"","ast-banner-title-visibility":"","ast-main-header-display":"","ast-hfb-above-header-display":"","ast-hfb-below-header-display":"","ast-hfb-mobile-header-display":"","site-post-title":"disabled","ast-breadcrumbs-content":"","ast-featured-img":"disabled","footer-sml-layout":"","theme-transparent-header-meta":"","adv-header-id-meta":"","stick-header-meta":"","header-above-stick-meta":"","header-main-stick-meta":"","header-below-stick-meta":"","astra-migrate-meta-layouts":"set","ast-page-background-enabled":"default","ast-page-background-meta":{"desktop":{"background-color":"","background-image":"","background-repeat":"repeat","background-position":"center center","background-size":"auto","background-attachment":"scroll","background-type":"","background-media":"","overlay-type":"","overlay-color":"","overlay-opacity":"","overlay-gradient":""},"tablet":{"background-color":"","background-image":"","background-repeat":"repeat","background-position":"center center","background-size":"auto","background-attachment":"scroll","background-type":"","background-media":"","overlay-type":"","overlay-color":"","overlay-opacity":"","overlay-gradient":""},"mobile":{"background-color":"","background-image":"","background-repeat":"repeat","background-position":"center center","background-size":"auto","background-attachment":"scroll","background-type":"","background-media":"","overlay-type":"","overlay-color":"","overlay-opacity":"","overlay-gradient":""}},"ast-content-background-meta":{"desktop":{"background-color":"var(--ast-global-color-5)","background-image":"","background-repeat":"repeat","background-position":"center center","background-size":"auto","background-attachment":"scroll","background-type":"","background-media":"","overlay-type":"","overlay-color":"","overlay-opacity":"","overlay-gradient":""},"tablet":{"background-color":"var(--ast-global-color-5)","background-image":"","background-repeat":"repeat","background-position":"center center","background-size":"auto","background-attachment":"scroll","background-type":"","background-media":"","overlay-type":"","overlay-color":"","overlay-opacity":"","overlay-gradient":""},"mobile":{"background-color":"var(--ast-global-color-5)","background-image":"","background-repeat":"repeat","background-position":"center center","background-size":"auto","background-attachment":"scroll","background-type":"","background-media":"","overlay-type":"","overlay-color":"","overlay-opacity":"","overlay-gradient":""}},"footnotes":""},"class_list":["post-1138","page","type-page","status-publish","hentry"],"aioseo_notices":[],"_links":{"self":[{"href":"https:\/\/serralhariadaanta.pt\/index.php\/wp-json\/wp\/v2\/pages\/1138","targetHints":{"allow":["GET"]}}],"collection":[{"href":"https:\/\/serralhariadaanta.pt\/index.php\/wp-json\/wp\/v2\/pages"}],"about":[{"href":"https:\/\/serralhariadaanta.pt\/index.php\/wp-json\/wp\/v2\/types\/page"}],"author":[{"embeddable":true,"href":"https:\/\/serralhariadaanta.pt\/index.php\/wp-json\/wp\/v2\/users\/1"}],"replies":[{"embeddable":true,"href":"https:\/\/serralhariadaanta.pt\/index.php\/wp-json\/wp\/v2\/comments?post=1138"}],"version-history":[{"count":34,"href":"https:\/\/serralhariadaanta.pt\/index.php\/wp-json\/wp\/v2\/pages\/1138\/revisions"}],"predecessor-version":[{"id":2419,"href":"https:\/\/serralhariadaanta.pt\/index.php\/wp-json\/wp\/v2\/pages\/1138\/revisions\/2419"}],"wp:attachment":[{"href":"https:\/\/serralhariadaanta.pt\/index.php\/wp-json\/wp\/v2\/media?parent=1138"}],"curies":[{"name":"wp","href":"https:\/\/api.w.org\/{rel}","templated":true}]}}