{"id":18,"date":"2017-08-01T12:08:43","date_gmt":"2017-08-01T12:08:43","guid":{"rendered":"https:\/\/serralhariadaanta.pt\/index.php\/contact\/"},"modified":"2023-08-09T07:03:44","modified_gmt":"2023-08-09T07:03:44","slug":"contacto","status":"publish","type":"page","link":"https:\/\/serralhariadaanta.pt\/index.php\/contacto\/","title":{"rendered":"contacto"},"content":{"rendered":"\n\n\t<h3>\n\t\t\t\t\tEscrit\u00f3rio e Instala\u00e7\u00f5es\n\t\t\t\t<\/h3>\n\t<h3>\n\t\t\t\t\tEntre em contacto\n\t\t\t\t<\/h3>\n\t<h5>\n\t\t\t\t\tFa\u00e7a-nos uma visita!\n\t\t\t\t<\/h5>\n\t\t\t<p><em>Travessa Ant\u00f3nio Alves Ribeiro N\u00b0 91, 4740-593, Palmeira de Faro, Esposende<\/em><\/p>\n\t<iframe src=\"https:\/\/www.google.com\/maps\/embed\/v1\/place?q=Travessa+Ant%C3%B3nio+Alves+Ribeiro+N%C2%B0+91%2C+4740-593%0A%0A&#038;key=AIzaSyD09zQ9PNDNNy9TadMuzRV_UsPUoWKntt8\" aria-hidden=\"true\"><\/iframe>\n\n","protected":false},"excerpt":{"rendered":"<p>Escrit\u00f3rio e Instala\u00e7\u00f5es Entre em contacto Fa\u00e7a-nos uma visita! Travessa Ant\u00f3nio Alves Ribeiro N\u00b0 91, 4740-593, Palmeira de Faro, Esposende<\/p>\n","protected":false},"author":1,"featured_media":0,"parent":0,"menu_order":0,"comment_status":"closed","ping_status":"closed","template":"","meta":{"om_disable_all_campaigns":false,"site-sidebar-layout":"no-sidebar","site-content-layout":"page-builder","ast-site-content-layout":"default","site-content-style":"default","site-sidebar-style":"default","ast-global-header-display":"","ast-banner-title-visibility":"","ast-main-header-display":"","ast-hfb-above-header-display":"","ast-hfb-below-header-display":"","ast-hfb-mobile-header-display":"","site-post-title":"disabled","ast-breadcrumbs-content":"","ast-featured-img":"disabled","footer-sml-layout":"","theme-transparent-header-meta":"","adv-header-id-meta":"","stick-header-meta":"","header-above-stick-meta":"","header-main-stick-meta":"","header-below-stick-meta":"","astra-migrate-meta-layouts":"default","ast-page-background-enabled":"default","ast-page-background-meta":{"desktop":{"background-color":"","background-image":"","background-repeat":"repeat","background-position":"center center","background-size":"auto","background-attachment":"scroll","background-type":"","background-media":"","overlay-type":"","overlay-color":"","overlay-opacity":"","overlay-gradient":""},"tablet":{"background-color":"","background-image":"","background-repeat":"repeat","background-position":"center center","background-size":"auto","background-attachment":"scroll","background-type":"","background-media":"","overlay-type":"","overlay-color":"","overlay-opacity":"","overlay-gradient":""},"mobile":{"background-color":"","background-image":"","background-repeat":"repeat","background-position":"center center","background-size":"auto","background-attachment":"scroll","background-type":"","background-media":"","overlay-type":"","overlay-color":"","overlay-opacity":"","overlay-gradient":""}},"ast-content-background-meta":{"desktop":{"background-color":"var(--ast-global-color-5)","background-image":"","background-repeat":"repeat","background-position":"center center","background-size":"auto","background-attachment":"scroll","background-type":"","background-media":"","overlay-type":"","overlay-color":"","overlay-opacity":"","overlay-gradient":""},"tablet":{"background-color":"var(--ast-global-color-5)","background-image":"","background-repeat":"repeat","background-position":"center center","background-size":"auto","background-attachment":"scroll","background-type":"","background-media":"","overlay-type":"","overlay-color":"","overlay-opacity":"","overlay-gradient":""},"mobile":{"background-color":"var(--ast-global-color-5)","background-image":"","background-repeat":"repeat","background-position":"center center","background-size":"auto","background-attachment":"scroll","background-type":"","background-media":"","overlay-type":"","overlay-color":"","overlay-opacity":"","overlay-gradient":""}},"footnotes":""},"class_list":["post-18","page","type-page","status-publish","hentry"],"aioseo_notices":[],"_links":{"self":[{"href":"https:\/\/serralhariadaanta.pt\/index.php\/wp-json\/wp\/v2\/pages\/18","targetHints":{"allow":["GET"]}}],"collection":[{"href":"https:\/\/serralhariadaanta.pt\/index.php\/wp-json\/wp\/v2\/pages"}],"about":[{"href":"https:\/\/serralhariadaanta.pt\/index.php\/wp-json\/wp\/v2\/types\/page"}],"author":[{"embeddable":true,"href":"https:\/\/serralhariadaanta.pt\/index.php\/wp-json\/wp\/v2\/users\/1"}],"replies":[{"embeddable":true,"href":"https:\/\/serralhariadaanta.pt\/index.php\/wp-json\/wp\/v2\/comments?post=18"}],"version-history":[{"count":11,"href":"https:\/\/serralhariadaanta.pt\/index.php\/wp-json\/wp\/v2\/pages\/18\/revisions"}],"predecessor-version":[{"id":1394,"href":"https:\/\/serralhariadaanta.pt\/index.php\/wp-json\/wp\/v2\/pages\/18\/revisions\/1394"}],"wp:attachment":[{"href":"https:\/\/serralhariadaanta.pt\/index.php\/wp-json\/wp\/v2\/media?parent=18"}],"curies":[{"name":"wp","href":"https:\/\/api.w.org\/{rel}","templated":true}]}}